{"id":46,"date":"2021-01-14T17:10:08","date_gmt":"2021-01-14T17:10:08","guid":{"rendered":"https:\/\/bcx-airsoft.de\/?page_id=46"},"modified":"2021-01-14T17:10:08","modified_gmt":"2021-01-14T17:10:08","slug":"was-ist-airsoft","status":"publish","type":"page","link":"https:\/\/bcx-airsoft.de\/?page_id=46","title":{"rendered":"Was ist Airsoft?"},"content":{"rendered":"\n<p><strong>Geschichte<\/strong><br>Airsoft stammt urspr\u00fcnglich aus Japan. Nach dem zweiten Weltkrieg wurden Schusswaffen f\u00fcr die japanische Zivilbev\u00f6lkerung verboten. Die japanische Industrie wich daher auf Waffenrepliken aus Kunststoff aus. Sie brachte die ersten funktionst\u00fcchtigen Waffennachbauten als Spielzeug auf den Markt, die seinerzeit federbetrieben waren und manuell arbeiteten. Durch das gro\u00dfe Marktpotential und hohe Verkaufszahlen expandierte der Airsoftmarkt in Asien z\u00fcgig.<br>St\u00e4ndige Neuerungen wie elektrisch betriebene Softairwaffen (AEG; Automatic Electric Gun) sowie gasbetriebene Softairwaffen machten die zum Spielen entwickelten Spielzeugwaffen zu technisch hochentwickelten Waffenrepliken. Durch die amerikanische Besatzung wurde dieses Spielzeug in den Westen gebracht, wobei sich hier der Begriff Airsoft bildete. Die Plastikkugeln oder Softballs erhielten hingegen ihren Namen aufgrund der Gr\u00f6\u00dfe von in Kugellagern verwendeten Kugeln (Bearingballs).<br>In Deutschland hielten Softairwaffen in Form von Kriegswaffenrepliken erst mit der Novellierung des Waffengesetzes im Jahre 2004 ihren Einzug auf den Markt und sind seither im Spielzeug- und Waffenhandel zu erwerben. Hier hat sich der Begriff Softair durchgesetzt.<br>Quelle: www.wikipedia.de<\/p>\n\n\n\n<p><strong>Spielprinzip<\/strong><br>Man unterscheidet gr\u00f6\u00dfere, meist mehrt\u00e4gige, Veranstaltungen und kleinere Spiele. Gr\u00f6\u00dfere Veranstaltungen, so genannte Operationen (OP), erfordern in der Regel eine fr\u00fchzeitige Anmeldung bei den Organisatoren. Man kann die Ausrichtung der Spiele nochmals in mehrere Unterkategorien aufteilen ( MilSim, Reenactment etc.). Was bei allen Spielen gleich ist, ist dass die Teilnehmer in gleichstarke Teams aufgeteilt werden. Die Teams bekommen jeweils Aufgaben, die sie versuchen zu erf\u00fcllen. Um sich gegenseitig daran zu hindern, werden Airsoftmarkierer benutzt. Damit beschie\u00dfen sich die Spieler und versuchen sich, durch Markierungen, aus dem Spiel zu holen. Airsoftmarkierer verschie\u00dfen biologisch abbaubare oder Plastikkugeln im Kaliber 6 bzw. 8 Milimeter BB. Da die Kugeln nicht, wie beim Paintball, mit Farbe gef\u00fcllt sind, spielt Fairplay eine gro\u00dfe Rolle. Au\u00dferdem ist eine sichere Schutzbrille oder Vollgesichtsmaske zwingend erforderlich. Um das Verletzungsrisiko minimal zu halten, sind Kopf- und Gesichtstreffer zu vermeiden<\/p>\n\n\n\n<p><strong>Gesetz<\/strong><br>Das Waffengesetz unterscheidet Airsoftmarkierer in drei Kategorien, wovon lediglich Markierer mit einer Leistung \u00fcber 0,5 Joule vom Waffengesetz betroffen sind. Da Markierer vom Gesetz her Waffen sind, erfordern sie ein Mindestalter von 18 Jahren. Ich beziehe mich hier nur auf Markierer der letzten Kategorie. Der Besitz und Transport ist frei ab 18. Das Schie\u00dfen ist nur auf befriedetem Besitztum, mit Erlaubnis des Besitzers gestattet. Des weiteren sind Zielhilfen, die das Ziel anstrahlen, und vollautomtische Schussfolge verboten. Mehr Informationen und Details sind im Waffengesetz zu finden.<\/p>\n","protected":false},"excerpt":{"rendered":"<p>GeschichteAirsoft stammt urspr\u00fcnglich aus Japan. Nach dem zweiten Weltkrieg wurden Schusswaffen f\u00fcr die japanische Zivilbev\u00f6lkerung verboten. Die japanische Industrie wich daher auf Waffenrepliken aus Kunststoff aus. Sie brachte die ersten funktionst\u00fcchtigen Waffennachbauten als Spielzeug auf den Markt, die seinerzeit federbetrieben waren und manuell arbeiteten. Durch das gro\u00dfe Marktpotential und hohe Verkaufszahlen expandierte der Airsoftmarkt in &hellip; <a href=\"https:\/\/bcx-airsoft.de\/?page_id=46\" class=\"more-link\"><span class=\"screen-reader-text\">Was ist Airsoft?<\/span> weiterlesen <span class=\"meta-nav\">&rarr;<\/span><\/a><\/p>\n","protected":false},"author":1,"featured_media":0,"parent":0,"menu_order":0,"comment_status":"closed","ping_status":"closed","template":"","meta":{"footnotes":""},"class_list":["post-46","page","type-page","status-publish","hentry"],"_links":{"self":[{"href":"https:\/\/bcx-airsoft.de\/index.php?rest_route=\/wp\/v2\/pages\/46","targetHints":{"allow":["GET"]}}],"collection":[{"href":"https:\/\/bcx-airsoft.de\/index.php?rest_route=\/wp\/v2\/pages"}],"about":[{"href":"https:\/\/bcx-airsoft.de\/index.php?rest_route=\/wp\/v2\/types\/page"}],"author":[{"embeddable":true,"href":"https:\/\/bcx-airsoft.de\/index.php?rest_route=\/wp\/v2\/users\/1"}],"replies":[{"embeddable":true,"href":"https:\/\/bcx-airsoft.de\/index.php?rest_route=%2Fwp%2Fv2%2Fcomments&post=46"}],"version-history":[{"count":1,"href":"https:\/\/bcx-airsoft.de\/index.php?rest_route=\/wp\/v2\/pages\/46\/revisions"}],"predecessor-version":[{"id":47,"href":"https:\/\/bcx-airsoft.de\/index.php?rest_route=\/wp\/v2\/pages\/46\/revisions\/47"}],"wp:attachment":[{"href":"https:\/\/bcx-airsoft.de\/index.php?rest_route=%2Fwp%2Fv2%2Fmedia&parent=46"}],"curies":[{"name":"wp","href":"https:\/\/api.w.org\/{rel}","templated":true}]}}