{"id":43,"date":"2021-01-14T17:09:48","date_gmt":"2021-01-14T17:09:48","guid":{"rendered":"https:\/\/bcx-airsoft.de\/?page_id=43"},"modified":"2021-01-14T17:09:48","modified_gmt":"2021-01-14T17:09:48","slug":"kacknoob-werden","status":"publish","type":"page","link":"https:\/\/bcx-airsoft.de\/?page_id=43","title":{"rendered":"KACKNOOB WERDEN?"},"content":{"rendered":"\n<p>Um bei uns mitmischen zu k\u00f6nnen, setzen wir eine kurze Bewerbung voraus. Stellt euch einfach kurz vor. Uns Interessieren Alter, Wohnort, Ausr\u00fcstung und ein, zwei kurze S\u00e4tze \u00fcber eure Person. Ein Bildchen w\u00e4re ebenfalls nett. Ihr bekommt, hundert pro, ne Antwort. Sei es positiv oder negativ. Falls die Antwort positiv ausf\u00e4llt, laden wir euch zu nem Teamtreffen ein und wir k\u00f6nnen uns etwas beschnuppern. Sollten wir, ausnahmsweise, angenehm \u00fcberrascht werden (kleine Bestechung, ne GO-GO-Mieze oder etwas H\u00f6rnerwiskey), bekommt ihr bei uns den Status \u201cKacknoob\u201d, ist nicht b\u00f6se gemeint. Das hei\u00dft ihr seid quasi drin. Nun beginnt das WIR-Gef\u00fchl. Ihr habt dann 6 Monate Probezeit, die bei Bedarf verk\u00fcrzt oder verl\u00e4ngert wird. Die Probezeit ist f\u00fcr uns die sch\u00f6nste Zeit, Ihr habt dann die Ehre unsere Zelte auf OPs aufzubauen, Bier kalt zu stellen, die Magazine zu f\u00fcllen etc. Fazit ihr seid dann am Anfang der Nahrungskette. Keine Angst bis jetzt haben Alle \u00fcberlebt. Ach ja, Blutgruppe, Bankdaten und Patientenverf\u00fcgung solltet ihr dann unmittelbar nachreichen<\/p>\n\n\n\n<div class=\"wp-block-image\"><figure class=\"aligncenter size-large is-resized\"><img loading=\"lazy\" decoding=\"async\" src=\"https:\/\/bcx-airsoft.de\/wp-content\/uploads\/2021\/01\/Kacknoob-1024x768.gif\" alt=\"\" class=\"wp-image-44\" width=\"512\" height=\"384\" srcset=\"https:\/\/bcx-airsoft.de\/wp-content\/uploads\/2021\/01\/Kacknoob-1024x768.gif 1024w, https:\/\/bcx-airsoft.de\/wp-content\/uploads\/2021\/01\/Kacknoob-300x225.gif 300w, https:\/\/bcx-airsoft.de\/wp-content\/uploads\/2021\/01\/Kacknoob-768x576.gif 768w, https:\/\/bcx-airsoft.de\/wp-content\/uploads\/2021\/01\/Kacknoob-1536x1152.gif 1536w\" sizes=\"auto, (max-width: 512px) 100vw, 512px\" \/><\/figure><\/div>\n\n\n\n<p>Du hasst deinen K\u00f6rper? Du hast keine Perspektive? Niemand kann Dich leiden, selbst deine Eltern sprechen Dich mit : \u201cEy, Sie da!\u201d an? Dann komm zu uns und klick: <a href=\"mailto:captnkaracho@gmail.com\">Yeah, Baby!<\/a> an.<\/p>\n","protected":false},"excerpt":{"rendered":"<p>Um bei uns mitmischen zu k\u00f6nnen, setzen wir eine kurze Bewerbung voraus. Stellt euch einfach kurz vor. Uns Interessieren Alter, Wohnort, Ausr\u00fcstung und ein, zwei kurze S\u00e4tze \u00fcber eure Person. Ein Bildchen w\u00e4re ebenfalls nett. Ihr bekommt, hundert pro, ne Antwort. Sei es positiv oder negativ. Falls die Antwort positiv ausf\u00e4llt, laden wir euch zu &hellip; <a href=\"https:\/\/bcx-airsoft.de\/?page_id=43\" class=\"more-link\"><span class=\"screen-reader-text\">KACKNOOB WERDEN?<\/span> weiterlesen <span class=\"meta-nav\">&rarr;<\/span><\/a><\/p>\n","protected":false},"author":1,"featured_media":0,"parent":0,"menu_order":0,"comment_status":"closed","ping_status":"closed","template":"","meta":{"footnotes":""},"class_list":["post-43","page","type-page","status-publish","hentry"],"_links":{"self":[{"href":"https:\/\/bcx-airsoft.de\/index.php?rest_route=\/wp\/v2\/pages\/43","targetHints":{"allow":["GET"]}}],"collection":[{"href":"https:\/\/bcx-airsoft.de\/index.php?rest_route=\/wp\/v2\/pages"}],"about":[{"href":"https:\/\/bcx-airsoft.de\/index.php?rest_route=\/wp\/v2\/types\/page"}],"author":[{"embeddable":true,"href":"https:\/\/bcx-airsoft.de\/index.php?rest_route=\/wp\/v2\/users\/1"}],"replies":[{"embeddable":true,"href":"https:\/\/bcx-airsoft.de\/index.php?rest_route=%2Fwp%2Fv2%2Fcomments&post=43"}],"version-history":[{"count":1,"href":"https:\/\/bcx-airsoft.de\/index.php?rest_route=\/wp\/v2\/pages\/43\/revisions"}],"predecessor-version":[{"id":45,"href":"https:\/\/bcx-airsoft.de\/index.php?rest_route=\/wp\/v2\/pages\/43\/revisions\/45"}],"wp:attachment":[{"href":"https:\/\/bcx-airsoft.de\/index.php?rest_route=%2Fwp%2Fv2%2Fmedia&parent=43"}],"curies":[{"name":"wp","href":"https:\/\/api.w.org\/{rel}","templated":true}]}}