{"id":41,"date":"2021-01-14T17:06:39","date_gmt":"2021-01-14T17:06:39","guid":{"rendered":"https:\/\/bcx-airsoft.de\/?page_id=41"},"modified":"2021-01-14T18:00:09","modified_gmt":"2021-01-14T18:00:09","slug":"media","status":"publish","type":"page","link":"https:\/\/bcx-airsoft.de\/?page_id=41","title":{"rendered":"MEDIA"},"content":{"rendered":"\n<p><strong>Hier findet Ihr alle bisher von uns ver\u00f6ffentlichten Videos,<\/strong><br><strong>chronologisch absteigend nach Ver\u00f6ffentlichungsdatum.<\/strong><\/p>\n\n\n\n<h2 class=\"wp-block-heading\"><strong>Wir w\u00fcnschen Euch Viel Spa\u00df!<\/strong><\/h2>\n\n\n\n<hr class=\"wp-block-separator\"\/>\n\n\n\n<p><strong>30.11.2018, Airweapon, T\u00f6nisvorst, Filmed by BCX Blizzard<\/strong><br><strong>(Erstver\u00f6ffentlichung: 06.12.2018)<\/strong><\/p>\n\n\n\n<figure class=\"wp-block-embed is-type-rich is-provider-handler-einbetten wp-block-embed-handler-einbetten wp-embed-aspect-16-9 wp-has-aspect-ratio\"><div class=\"wp-block-embed__wrapper\">\n<iframe loading=\"lazy\" title=\"ROCKEN IN T\u00d6NISVORST 30.11.2018\" width=\"474\" height=\"267\" src=\"https:\/\/www.youtube.com\/embed\/58jMF7SFXGw?feature=oembed\" frameborder=\"0\" allow=\"accelerometer; autoplay; clipboard-write; encrypted-media; gyroscope; picture-in-picture; web-share\" referrerpolicy=\"strict-origin-when-cross-origin\" allowfullscreen><\/iframe>\n<\/div><\/figure>\n\n\n\n<hr class=\"wp-block-separator\"\/>\n\n\n\n<p><strong>10.03.2018, Airweapon, T\u00f6nisvorst, Filmed by BCX 3yer<\/strong><br><strong>(Erstver\u00f6ffentlichung: 11.04.2018)<\/strong><\/p>\n\n\n\n<figure class=\"wp-block-embed is-type-rich is-provider-handler-einbetten wp-block-embed-handler-einbetten wp-embed-aspect-16-9 wp-has-aspect-ratio\"><div class=\"wp-block-embed__wrapper\">\n<iframe loading=\"lazy\" title=\"Airweapon Scorpoin EVO CQB (BCX)\" width=\"474\" height=\"267\" src=\"https:\/\/www.youtube.com\/embed\/WgZts8B7NMM?feature=oembed\" frameborder=\"0\" allow=\"accelerometer; autoplay; clipboard-write; encrypted-media; gyroscope; picture-in-picture; web-share\" referrerpolicy=\"strict-origin-when-cross-origin\" allowfullscreen><\/iframe>\n<\/div><\/figure>\n\n\n\n<hr class=\"wp-block-separator\"\/>\n\n\n\n<p><strong>24.03.2018, Airweapon, T\u00f6nisvorst, Filmed by BCX Cptn.Karacho<\/strong><br><strong>(Erstver\u00f6ffentlichung: 31.03.2018)<\/strong><\/p>\n\n\n\n<figure class=\"wp-block-embed is-type-video is-provider-youtube wp-block-embed-youtube wp-embed-aspect-16-9 wp-has-aspect-ratio\"><div class=\"wp-block-embed__wrapper\">\n<iframe loading=\"lazy\" title=\"Bad Company Ruhrpott at AIRWEAPON T\u00f6nisvorst 24\/03\/18\" width=\"474\" height=\"267\" src=\"https:\/\/www.youtube.com\/embed\/IaRaWgQf7Gk?feature=oembed\" frameborder=\"0\" allow=\"accelerometer; autoplay; clipboard-write; encrypted-media; gyroscope; picture-in-picture; web-share\" referrerpolicy=\"strict-origin-when-cross-origin\" allowfullscreen><\/iframe>\n<\/div><\/figure>\n\n\n\n<hr class=\"wp-block-separator\"\/>\n\n\n\n<p><strong>18.03.2018, Airweapon, T\u00f6nisvorst, Filmed by BCX Badger<\/strong><br><strong>(Erstver\u00f6ffentlichung: 29.03.2018)<\/strong><\/p>\n\n\n\n<figure class=\"wp-block-embed is-type-video is-provider-youtube wp-block-embed-youtube wp-embed-aspect-16-9 wp-has-aspect-ratio\"><div class=\"wp-block-embed__wrapper\">\n<iframe loading=\"lazy\" title=\"bcx-2\" width=\"474\" height=\"267\" src=\"https:\/\/www.youtube.com\/embed\/8tcaPeYlahA?feature=oembed\" frameborder=\"0\" allow=\"accelerometer; autoplay; clipboard-write; encrypted-media; gyroscope; picture-in-picture; web-share\" referrerpolicy=\"strict-origin-when-cross-origin\" allowfullscreen><\/iframe>\n<\/div><\/figure>\n\n\n\n<hr class=\"wp-block-separator\"\/>\n\n\n\n<p><strong>24.02.2018, 5Blocks, Weeze, Filmed by BCX Badger<\/strong><br><strong>(Ver\u00f6ffentlichung am 06.03.2018)<\/strong><\/p>\n\n\n\n<figure class=\"wp-block-embed is-type-video is-provider-youtube wp-block-embed-youtube wp-embed-aspect-16-9 wp-has-aspect-ratio\"><div class=\"wp-block-embed__wrapper\">\n<iframe loading=\"lazy\" title=\"bcx-1\" width=\"474\" height=\"267\" src=\"https:\/\/www.youtube.com\/embed\/_jo6Ib1h124?feature=oembed\" frameborder=\"0\" allow=\"accelerometer; autoplay; clipboard-write; encrypted-media; gyroscope; picture-in-picture; web-share\" referrerpolicy=\"strict-origin-when-cross-origin\" allowfullscreen><\/iframe>\n<\/div><\/figure>\n","protected":false},"excerpt":{"rendered":"<p>Hier findet Ihr alle bisher von uns ver\u00f6ffentlichten Videos,chronologisch absteigend nach Ver\u00f6ffentlichungsdatum. Wir w\u00fcnschen Euch Viel Spa\u00df! 30.11.2018, Airweapon, T\u00f6nisvorst, Filmed by BCX Blizzard(Erstver\u00f6ffentlichung: 06.12.2018) 10.03.2018, Airweapon, T\u00f6nisvorst, Filmed by BCX 3yer(Erstver\u00f6ffentlichung: 11.04.2018) 24.03.2018, Airweapon, T\u00f6nisvorst, Filmed by BCX Cptn.Karacho(Erstver\u00f6ffentlichung: 31.03.2018) 18.03.2018, Airweapon, T\u00f6nisvorst, Filmed by BCX Badger(Erstver\u00f6ffentlichung: 29.03.2018) 24.02.2018, 5Blocks, Weeze, Filmed by BCX &hellip; <a href=\"https:\/\/bcx-airsoft.de\/?page_id=41\" class=\"more-link\"><span class=\"screen-reader-text\">MEDIA<\/span> weiterlesen <span class=\"meta-nav\">&rarr;<\/span><\/a><\/p>\n","protected":false},"author":1,"featured_media":0,"parent":0,"menu_order":0,"comment_status":"closed","ping_status":"closed","template":"","meta":{"footnotes":""},"class_list":["post-41","page","type-page","status-publish","hentry"],"_links":{"self":[{"href":"https:\/\/bcx-airsoft.de\/index.php?rest_route=\/wp\/v2\/pages\/41","targetHints":{"allow":["GET"]}}],"collection":[{"href":"https:\/\/bcx-airsoft.de\/index.php?rest_route=\/wp\/v2\/pages"}],"about":[{"href":"https:\/\/bcx-airsoft.de\/index.php?rest_route=\/wp\/v2\/types\/page"}],"author":[{"embeddable":true,"href":"https:\/\/bcx-airsoft.de\/index.php?rest_route=\/wp\/v2\/users\/1"}],"replies":[{"embeddable":true,"href":"https:\/\/bcx-airsoft.de\/index.php?rest_route=%2Fwp%2Fv2%2Fcomments&post=41"}],"version-history":[{"count":3,"href":"https:\/\/bcx-airsoft.de\/index.php?rest_route=\/wp\/v2\/pages\/41\/revisions"}],"predecessor-version":[{"id":75,"href":"https:\/\/bcx-airsoft.de\/index.php?rest_route=\/wp\/v2\/pages\/41\/revisions\/75"}],"wp:attachment":[{"href":"https:\/\/bcx-airsoft.de\/index.php?rest_route=%2Fwp%2Fv2%2Fmedia&parent=41"}],"curies":[{"name":"wp","href":"https:\/\/api.w.org\/{rel}","templated":true}]}}